{"id":3782,"date":"2021-05-07T19:38:25","date_gmt":"2021-05-07T19:38:25","guid":{"rendered":"https:\/\/polon.cl\/?page_id=3782"},"modified":"2022-10-24T18:19:12","modified_gmt":"2022-10-24T18:19:12","slug":"inicio","status":"publish","type":"page","link":"https:\/\/polon.cl\/","title":{"rendered":"Inicio"},"content":{"rendered":"\t\t<div data-elementor-type=\"wp-page\" data-elementor-id=\"3782\" class=\"elementor elementor-3782\">\n\t\t\t\t\t\t<section class=\"elementor-section elementor-top-section elementor-element elementor-element-db1a942 elementor-section-height-min-height elementor-section-items-stretch elementor-section-boxed elementor-section-height-default\" data-id=\"db1a942\" data-element_type=\"section\" data-e-type=\"section\" data-settings=\"{&quot;jet_parallax_layout_list&quot;:[],&quot;background_background&quot;:&quot;slideshow&quot;,&quot;background_slideshow_gallery&quot;:[{&quot;id&quot;:5817,&quot;url&quot;:&quot;https:\\\/\\\/polon.cl\\\/wp-content\\\/uploads\\\/2022\\\/08\\\/3.jpg&quot;},{&quot;id&quot;:5818,&quot;url&quot;:&quot;https:\\\/\\\/polon.cl\\\/wp-content\\\/uploads\\\/2022\\\/08\\\/6.jpg&quot;},{&quot;id&quot;:5819,&quot;url&quot;:&quot;https:\\\/\\\/polon.cl\\\/wp-content\\\/uploads\\\/2022\\\/08\\\/9.jpg&quot;},{&quot;id&quot;:5820,&quot;url&quot;:&quot;https:\\\/\\\/polon.cl\\\/wp-content\\\/uploads\\\/2022\\\/08\\\/11.jpg&quot;}],&quot;shape_divider_bottom&quot;:&quot;tilt&quot;,&quot;background_slideshow_loop&quot;:&quot;yes&quot;,&quot;background_slideshow_slide_duration&quot;:5000,&quot;background_slideshow_slide_transition&quot;:&quot;fade&quot;,&quot;background_slideshow_transition_duration&quot;:500}\">\n\t\t\t\t\t\t\t<div class=\"elementor-background-overlay\"><\/div>\n\t\t\t\t\t\t<div class=\"elementor-shape elementor-shape-bottom\" aria-hidden=\"true\" data-negative=\"false\">\n\t\t\t<svg xmlns=\"http:\/\/www.w3.org\/2000\/svg\" viewBox=\"0 0 1000 100\" preserveAspectRatio=\"none\">\n\t<path class=\"elementor-shape-fill\" d=\"M0,6V0h1000v100L0,6z\"\/>\n<\/svg>\t\t<\/div>\n\t\t\t\t\t<div class=\"elementor-container elementor-column-gap-default\">\n\t\t\t\t\t<div class=\"elementor-column elementor-col-100 elementor-top-column elementor-element elementor-element-d1107de\" data-id=\"d1107de\" data-element_type=\"column\" data-e-type=\"column\">\n\t\t\t<div class=\"elementor-widget-wrap elementor-element-populated\">\n\t\t\t\t\t\t<div class=\"elementor-element elementor-element-c95edce elementor-widget elementor-widget-jet-animated-text\" data-id=\"c95edce\" data-element_type=\"widget\" data-e-type=\"widget\" data-widget_type=\"jet-animated-text.default\">\n\t\t\t\t<div class=\"elementor-widget-container\">\n\t\t\t\t\t<div class=\"elementor-jet-animated-text jet-elements\">\n<div class=\"jet-animated-text jet-animated-text--effect-fx1\" data-settings='{&quot;effect&quot;:&quot;fx1&quot;,&quot;delay&quot;:3000}'>\n\t<div class=\"jet-animated-text__before-text\">\n\t<span>Parada<\/span>&nbsp;<span>111<\/span>&nbsp;<span>Jeans<\/span>&nbsp;<\/div>\n\t<div class=\"jet-animated-text__animated-text\">\n<div class=\"jet-animated-text__animated-text-item active visible\" dir=\"ltr\">\n\t<span>Cl\u00e1sicos<\/span><\/div>\n<div class=\"jet-animated-text__animated-text-item\" dir=\"ltr\">\n\t<span>Duraderos<\/span><\/div>\n<\/div>\t<\/div><\/div>\t\t\t\t<\/div>\n\t\t\t\t<\/div>\n\t\t\t\t<div class=\"elementor-element elementor-element-5d9145d elementor-widget elementor-widget-spacer\" data-id=\"5d9145d\" data-element_type=\"widget\" data-e-type=\"widget\" data-widget_type=\"spacer.default\">\n\t\t\t\t<div class=\"elementor-widget-container\">\n\t\t\t\t\t\t\t<div class=\"elementor-spacer\">\n\t\t\t<div class=\"elementor-spacer-inner\"><\/div>\n\t\t<\/div>\n\t\t\t\t\t\t<\/div>\n\t\t\t\t<\/div>\n\t\t\t\t\t<\/div>\n\t\t<\/div>\n\t\t\t\t\t<\/div>\n\t\t<\/section>\n\t\t\t\t<section class=\"elementor-section elementor-top-section elementor-element elementor-element-5842f87 elementor-section-height-min-height elementor-section-boxed elementor-section-height-default elementor-section-items-middle\" data-id=\"5842f87\" data-element_type=\"section\" data-e-type=\"section\" data-settings=\"{&quot;jet_parallax_layout_list&quot;:[]}\">\n\t\t\t\t\t\t<div class=\"elementor-container elementor-column-gap-no\">\n\t\t\t\t\t<div class=\"elementor-column elementor-col-50 elementor-top-column elementor-element elementor-element-ebc3d54\" data-id=\"ebc3d54\" data-element_type=\"column\" data-e-type=\"column\">\n\t\t\t<div class=\"elementor-widget-wrap elementor-element-populated\">\n\t\t\t\t\t\t<div class=\"elementor-element elementor-element-7046c83 elementor-widget elementor-widget-text-editor\" data-id=\"7046c83\" data-element_type=\"widget\" data-e-type=\"widget\" data-widget_type=\"text-editor.default\">\n\t\t\t\t<div class=\"elementor-widget-container\">\n\t\t\t\t\t\t\t\t\t<h2>Haz crecer tu negocio con nosotros y nuestra exclusiva colecci\u00f3n de jeans que marcan la diferencia.<\/h2><p>Contamos con una gran variedad de jeans para cada estilo y ocasi\u00f3n, desde un cl\u00e1sico <strong>PARADA 111<\/strong> hasta modelos modernos. Somos distribuidores de <strong>PARADA 111.<\/strong><\/p><p>No pierdas esta oportunidad y vis\u00edtanos en nuestra tienda o comun\u00edcate con nosotros a trav\u00e9s de las redes sociales; WhatsApp, Facebook e Instagram y solicita nuestro catalogo virtual.<\/p><p><strong>Realizamos env\u00edos para todo Chile.\u00a0<\/strong><\/p>\t\t\t\t\t\t\t\t<\/div>\n\t\t\t\t<\/div>\n\t\t\t\t<div class=\"elementor-element elementor-element-029df1d elementor-widget elementor-widget-image\" data-id=\"029df1d\" data-element_type=\"widget\" data-e-type=\"widget\" data-widget_type=\"image.default\">\n\t\t\t\t<div class=\"elementor-widget-container\">\n\t\t\t\t\t\t\t\t\t\t\t\t\t\t\t<img fetchpriority=\"high\" decoding=\"async\" width=\"386\" height=\"131\" src=\"https:\/\/polon.cl\/wp-content\/uploads\/2022\/08\/parada-111-blanco.png\" class=\"attachment-large size-large wp-image-5861\" alt=\"\" srcset=\"https:\/\/polon.cl\/wp-content\/uploads\/2022\/08\/parada-111-blanco.png 386w, https:\/\/polon.cl\/wp-content\/uploads\/2022\/08\/parada-111-blanco-300x102.png 300w\" sizes=\"(max-width: 386px) 100vw, 386px\" \/>\t\t\t\t\t\t\t\t\t\t\t\t\t\t\t<\/div>\n\t\t\t\t<\/div>\n\t\t\t\t\t<\/div>\n\t\t<\/div>\n\t\t\t\t<div class=\"elementor-column elementor-col-50 elementor-top-column elementor-element elementor-element-94d9ca4\" data-id=\"94d9ca4\" data-element_type=\"column\" data-e-type=\"column\">\n\t\t\t<div class=\"elementor-widget-wrap elementor-element-populated\">\n\t\t\t\t\t\t<div class=\"elementor-element elementor-element-df3b033 elementor-widget elementor-widget-image\" data-id=\"df3b033\" data-element_type=\"widget\" data-e-type=\"widget\" data-widget_type=\"image.default\">\n\t\t\t\t<div class=\"elementor-widget-container\">\n\t\t\t\t\t\t\t\t\t\t\t\t\t\t\t<img decoding=\"async\" width=\"800\" height=\"800\" src=\"https:\/\/polon.cl\/wp-content\/uploads\/2022\/08\/IMG_QUIENES_SOMOS.jpg\" class=\"attachment-large size-large wp-image-5749\" alt=\"\" srcset=\"https:\/\/polon.cl\/wp-content\/uploads\/2022\/08\/IMG_QUIENES_SOMOS.jpg 800w, https:\/\/polon.cl\/wp-content\/uploads\/2022\/08\/IMG_QUIENES_SOMOS-300x300.jpg 300w, https:\/\/polon.cl\/wp-content\/uploads\/2022\/08\/IMG_QUIENES_SOMOS-150x150.jpg 150w, https:\/\/polon.cl\/wp-content\/uploads\/2022\/08\/IMG_QUIENES_SOMOS-768x768.jpg 768w, https:\/\/polon.cl\/wp-content\/uploads\/2022\/08\/IMG_QUIENES_SOMOS-24x24.jpg 24w, https:\/\/polon.cl\/wp-content\/uploads\/2022\/08\/IMG_QUIENES_SOMOS-36x36.jpg 36w, https:\/\/polon.cl\/wp-content\/uploads\/2022\/08\/IMG_QUIENES_SOMOS-48x48.jpg 48w, https:\/\/polon.cl\/wp-content\/uploads\/2022\/08\/IMG_QUIENES_SOMOS-600x600.jpg 600w, https:\/\/polon.cl\/wp-content\/uploads\/2022\/08\/IMG_QUIENES_SOMOS-100x100.jpg 100w\" sizes=\"(max-width: 800px) 100vw, 800px\" \/>\t\t\t\t\t\t\t\t\t\t\t\t\t\t\t<\/div>\n\t\t\t\t<\/div>\n\t\t\t\t\t<\/div>\n\t\t<\/div>\n\t\t\t\t\t<\/div>\n\t\t<\/section>\n\t\t\t\t<section class=\"elementor-section elementor-top-section elementor-element elementor-element-cd84f64 elementor-section-boxed elementor-section-height-default elementor-section-height-default\" data-id=\"cd84f64\" data-element_type=\"section\" data-e-type=\"section\" data-settings=\"{&quot;background_background&quot;:&quot;classic&quot;,&quot;jet_parallax_layout_list&quot;:[{&quot;_id&quot;:&quot;5aba00&quot;,&quot;jet_parallax_layout_image&quot;:{&quot;url&quot;:&quot;&quot;,&quot;id&quot;:&quot;&quot;,&quot;size&quot;:&quot;&quot;},&quot;jet_parallax_layout_image_tablet&quot;:{&quot;url&quot;:&quot;&quot;,&quot;id&quot;:&quot;&quot;,&quot;size&quot;:&quot;&quot;},&quot;jet_parallax_layout_image_mobile&quot;:{&quot;url&quot;:&quot;&quot;,&quot;id&quot;:&quot;&quot;,&quot;size&quot;:&quot;&quot;},&quot;jet_parallax_layout_speed&quot;:{&quot;unit&quot;:&quot;%&quot;,&quot;size&quot;:50,&quot;sizes&quot;:[]},&quot;jet_parallax_layout_type&quot;:&quot;scroll&quot;,&quot;jet_parallax_layout_direction&quot;:&quot;1&quot;,&quot;jet_parallax_layout_fx_direction&quot;:null,&quot;jet_parallax_layout_z_index&quot;:&quot;&quot;,&quot;jet_parallax_layout_bg_x&quot;:50,&quot;jet_parallax_layout_bg_x_tablet&quot;:&quot;&quot;,&quot;jet_parallax_layout_bg_x_mobile&quot;:&quot;&quot;,&quot;jet_parallax_layout_bg_y&quot;:50,&quot;jet_parallax_layout_bg_y_tablet&quot;:&quot;&quot;,&quot;jet_parallax_layout_bg_y_mobile&quot;:&quot;&quot;,&quot;jet_parallax_layout_bg_size&quot;:&quot;auto&quot;,&quot;jet_parallax_layout_bg_size_tablet&quot;:&quot;&quot;,&quot;jet_parallax_layout_bg_size_mobile&quot;:&quot;&quot;,&quot;jet_parallax_layout_animation_prop&quot;:&quot;transform&quot;,&quot;jet_parallax_layout_on&quot;:[&quot;desktop&quot;,&quot;tablet&quot;]}]}\">\n\t\t\t\t\t\t<div class=\"elementor-container elementor-column-gap-extended\">\n\t\t\t\t\t<div class=\"elementor-column elementor-col-50 elementor-top-column elementor-element elementor-element-7acb12fa\" data-id=\"7acb12fa\" data-element_type=\"column\" data-e-type=\"column\">\n\t\t\t<div class=\"elementor-widget-wrap elementor-element-populated\">\n\t\t\t\t\t\t<div class=\"elementor-element elementor-element-66fe745d elementor-widget elementor-widget-image\" data-id=\"66fe745d\" data-element_type=\"widget\" data-e-type=\"widget\" data-widget_type=\"image.default\">\n\t\t\t\t<div class=\"elementor-widget-container\">\n\t\t\t\t\t\t\t\t\t\t\t\t\t\t\t<img decoding=\"async\" width=\"1920\" height=\"1080\" src=\"https:\/\/polon.cl\/wp-content\/uploads\/2022\/08\/13.jpg\" class=\"attachment-full size-full wp-image-5903\" alt=\"\" srcset=\"https:\/\/polon.cl\/wp-content\/uploads\/2022\/08\/13.jpg 1920w, https:\/\/polon.cl\/wp-content\/uploads\/2022\/08\/13-300x169.jpg 300w, https:\/\/polon.cl\/wp-content\/uploads\/2022\/08\/13-1024x576.jpg 1024w, https:\/\/polon.cl\/wp-content\/uploads\/2022\/08\/13-768x432.jpg 768w, https:\/\/polon.cl\/wp-content\/uploads\/2022\/08\/13-1536x864.jpg 1536w\" sizes=\"(max-width: 1920px) 100vw, 1920px\" \/>\t\t\t\t\t\t\t\t\t\t\t\t\t\t\t<\/div>\n\t\t\t\t<\/div>\n\t\t\t\t\t<\/div>\n\t\t<\/div>\n\t\t\t\t<div class=\"elementor-column elementor-col-50 elementor-top-column elementor-element elementor-element-106c42fd\" data-id=\"106c42fd\" data-element_type=\"column\" data-e-type=\"column\">\n\t\t\t<div class=\"elementor-widget-wrap elementor-element-populated\">\n\t\t\t\t\t\t<div class=\"elementor-element elementor-element-53b91d51 elementor-widget elementor-widget-heading\" data-id=\"53b91d51\" data-element_type=\"widget\" data-e-type=\"widget\" data-widget_type=\"heading.default\">\n\t\t\t\t<div class=\"elementor-widget-container\">\n\t\t\t\t\t<h2 class=\"elementor-heading-title elementor-size-default\">Visitanos<\/h2>\t\t\t\t<\/div>\n\t\t\t\t<\/div>\n\t\t\t\t<div class=\"elementor-element elementor-element-6b308042 elementor-widget elementor-widget-text-editor\" data-id=\"6b308042\" data-element_type=\"widget\" data-e-type=\"widget\" data-widget_type=\"text-editor.default\">\n\t\t\t\t<div class=\"elementor-widget-container\">\n\t\t\t\t\t\t\t\t\t<h4 class=\"elementor-heading-title elementor-size-default\">Salvador Sanfuentes 2647, Local 119, Mall Las Lilas, a pasos del Metro Uni\u00f3n Latinoamericana<\/h4>\t\t\t\t\t\t\t\t<\/div>\n\t\t\t\t<\/div>\n\t\t\t\t<section class=\"elementor-section elementor-inner-section elementor-element elementor-element-21ca6cef elementor-section-full_width elementor-section-height-default elementor-section-height-default\" data-id=\"21ca6cef\" data-element_type=\"section\" data-e-type=\"section\" data-settings=\"{&quot;jet_parallax_layout_list&quot;:[{&quot;_id&quot;:&quot;4d0893a&quot;,&quot;jet_parallax_layout_image&quot;:{&quot;url&quot;:&quot;&quot;,&quot;id&quot;:&quot;&quot;,&quot;size&quot;:&quot;&quot;},&quot;jet_parallax_layout_image_tablet&quot;:{&quot;url&quot;:&quot;&quot;,&quot;id&quot;:&quot;&quot;,&quot;size&quot;:&quot;&quot;},&quot;jet_parallax_layout_image_mobile&quot;:{&quot;url&quot;:&quot;&quot;,&quot;id&quot;:&quot;&quot;,&quot;size&quot;:&quot;&quot;},&quot;jet_parallax_layout_speed&quot;:{&quot;unit&quot;:&quot;%&quot;,&quot;size&quot;:50,&quot;sizes&quot;:[]},&quot;jet_parallax_layout_type&quot;:&quot;scroll&quot;,&quot;jet_parallax_layout_direction&quot;:&quot;1&quot;,&quot;jet_parallax_layout_fx_direction&quot;:null,&quot;jet_parallax_layout_z_index&quot;:&quot;&quot;,&quot;jet_parallax_layout_bg_x&quot;:50,&quot;jet_parallax_layout_bg_x_tablet&quot;:&quot;&quot;,&quot;jet_parallax_layout_bg_x_mobile&quot;:&quot;&quot;,&quot;jet_parallax_layout_bg_y&quot;:50,&quot;jet_parallax_layout_bg_y_tablet&quot;:&quot;&quot;,&quot;jet_parallax_layout_bg_y_mobile&quot;:&quot;&quot;,&quot;jet_parallax_layout_bg_size&quot;:&quot;auto&quot;,&quot;jet_parallax_layout_bg_size_tablet&quot;:&quot;&quot;,&quot;jet_parallax_layout_bg_size_mobile&quot;:&quot;&quot;,&quot;jet_parallax_layout_animation_prop&quot;:&quot;transform&quot;,&quot;jet_parallax_layout_on&quot;:[&quot;desktop&quot;,&quot;tablet&quot;]}]}\">\n\t\t\t\t\t\t<div class=\"elementor-container elementor-column-gap-no\">\n\t\t\t\t\t<div class=\"elementor-column elementor-col-100 elementor-inner-column elementor-element elementor-element-5051b8ed\" data-id=\"5051b8ed\" data-element_type=\"column\" data-e-type=\"column\">\n\t\t\t<div class=\"elementor-widget-wrap elementor-element-populated\">\n\t\t\t\t\t\t<div class=\"elementor-element elementor-element-6221281b elementor-widget elementor-widget-jet-button\" data-id=\"6221281b\" data-element_type=\"widget\" data-e-type=\"widget\" data-widget_type=\"jet-button.default\">\n\t\t\t\t<div class=\"elementor-widget-container\">\n\t\t\t\t\t<div class=\"elementor-jet-button jet-elements\"><div class=\"jet-button__container\">\n\t<a class=\"jet-button__instance jet-button__instance--icon-left hover-effect-1\" href=\"https:\/\/polon.cl\/index.php\/sucursal\/\">\n\t\t<div class=\"jet-button__plane jet-button__plane-normal\"><\/div>\n\t\t<div class=\"jet-button__plane jet-button__plane-hover\"><\/div>\n\t\t<div class=\"jet-button__state jet-button__state-normal\">\n\t\t\t<span class=\"jet-button__label\">ir a mapa<\/span>\t\t<\/div>\n\t\t<div class=\"jet-button__state jet-button__state-hover\">\n\t\t\t<span class=\"jet-button__label\">ir a mapa<\/span>\t\t<\/div>\n\t<\/a>\n<\/div>\n<\/div>\t\t\t\t<\/div>\n\t\t\t\t<\/div>\n\t\t\t\t\t<\/div>\n\t\t<\/div>\n\t\t\t\t\t<\/div>\n\t\t<\/section>\n\t\t\t\t\t<\/div>\n\t\t<\/div>\n\t\t\t\t\t<\/div>\n\t\t<\/section>\n\t\t\t\t<section class=\"elementor-section elementor-top-section elementor-element elementor-element-e5c5d50 elementor-section-boxed elementor-section-height-default elementor-section-height-default\" data-id=\"e5c5d50\" data-element_type=\"section\" data-e-type=\"section\" data-settings=\"{&quot;jet_parallax_layout_list&quot;:[],&quot;background_background&quot;:&quot;classic&quot;}\">\n\t\t\t\t\t\t<div class=\"elementor-container elementor-column-gap-no\">\n\t\t\t\t\t<div class=\"elementor-column elementor-col-100 elementor-top-column elementor-element elementor-element-d74afcd\" data-id=\"d74afcd\" data-element_type=\"column\" data-e-type=\"column\">\n\t\t\t<div class=\"elementor-widget-wrap elementor-element-populated\">\n\t\t\t\t\t\t<div class=\"elementor-element elementor-element-558b9fd elementor-widget-divider--view-line_text elementor-widget-divider--element-align-left elementor-widget elementor-widget-divider\" data-id=\"558b9fd\" data-element_type=\"widget\" data-e-type=\"widget\" data-widget_type=\"divider.default\">\n\t\t\t\t<div class=\"elementor-widget-container\">\n\t\t\t\t\t\t\t<div class=\"elementor-divider\">\n\t\t\t<span class=\"elementor-divider-separator\">\n\t\t\t\t\t\t\t<h2 class=\"elementor-divider__text elementor-divider__element\">\n\t\t\t\tMuchos Modelos\t\t\t\t<\/h2>\n\t\t\t\t\t\t<\/span>\n\t\t<\/div>\n\t\t\t\t\t\t<\/div>\n\t\t\t\t<\/div>\n\t\t\t\t<div class=\"elementor-element elementor-element-938e54f elementor-arrows-position-inside elementor-pagination-position-outside elementor-widget elementor-widget-image-carousel\" data-id=\"938e54f\" data-element_type=\"widget\" data-e-type=\"widget\" data-settings=\"{&quot;slides_to_show&quot;:&quot;5&quot;,&quot;navigation&quot;:&quot;both&quot;,&quot;autoplay&quot;:&quot;yes&quot;,&quot;pause_on_hover&quot;:&quot;yes&quot;,&quot;pause_on_interaction&quot;:&quot;yes&quot;,&quot;autoplay_speed&quot;:5000,&quot;infinite&quot;:&quot;yes&quot;,&quot;speed&quot;:500}\" data-widget_type=\"image-carousel.default\">\n\t\t\t\t<div class=\"elementor-widget-container\">\n\t\t\t\t\t\t\t<div class=\"elementor-image-carousel-wrapper swiper\" role=\"region\" aria-roledescription=\"carousel\" aria-label=\"Carrusel de im\u00e1genes\" dir=\"ltr\">\n\t\t\t<div class=\"elementor-image-carousel swiper-wrapper\" aria-live=\"off\">\n\t\t\t\t\t\t\t\t<div class=\"swiper-slide\" role=\"group\" aria-roledescription=\"slide\" aria-label=\"1 de 10\"><a data-elementor-open-lightbox=\"yes\" data-elementor-lightbox-slideshow=\"938e54f\" data-elementor-lightbox-title=\"JEANS_H308B_FRENTE\" data-e-action-hash=\"#elementor-action%3Aaction%3Dlightbox%26settings%3DeyJpZCI6NTc0MywidXJsIjoiaHR0cHM6XC9cL3BvbG9uLmNsXC93cC1jb250ZW50XC91cGxvYWRzXC8yMDIyXC8wOFwvSkVBTlNfSDMwOEJfRlJFTlRFLTEuanBnIiwic2xpZGVzaG93IjoiOTM4ZTU0ZiJ9\" href=\"https:\/\/polon.cl\/wp-content\/uploads\/2022\/08\/JEANS_H308B_FRENTE-1.jpg\"><figure class=\"swiper-slide-inner\"><img decoding=\"async\" class=\"swiper-slide-image\" src=\"https:\/\/polon.cl\/wp-content\/uploads\/2022\/08\/JEANS_H308B_FRENTE-1-768x1344.jpg\" alt=\"JEANS_H308B_FRENTE\" \/><\/figure><\/a><\/div><div class=\"swiper-slide\" role=\"group\" aria-roledescription=\"slide\" aria-label=\"2 de 10\"><a data-elementor-open-lightbox=\"yes\" data-elementor-lightbox-slideshow=\"938e54f\" data-elementor-lightbox-title=\"JEANS_H308B_ATRAS\" data-e-action-hash=\"#elementor-action%3Aaction%3Dlightbox%26settings%3DeyJpZCI6NTc0MiwidXJsIjoiaHR0cHM6XC9cL3BvbG9uLmNsXC93cC1jb250ZW50XC91cGxvYWRzXC8yMDIyXC8wOFwvSkVBTlNfSDMwOEJfQVRSQVMuanBnIiwic2xpZGVzaG93IjoiOTM4ZTU0ZiJ9\" href=\"https:\/\/polon.cl\/wp-content\/uploads\/2022\/08\/JEANS_H308B_ATRAS.jpg\"><figure class=\"swiper-slide-inner\"><img decoding=\"async\" class=\"swiper-slide-image\" src=\"https:\/\/polon.cl\/wp-content\/uploads\/2022\/08\/JEANS_H308B_ATRAS-768x1344.jpg\" alt=\"JEANS_H308B_ATRAS\" \/><\/figure><\/a><\/div><div class=\"swiper-slide\" role=\"group\" aria-roledescription=\"slide\" aria-label=\"3 de 10\"><a data-elementor-open-lightbox=\"yes\" data-elementor-lightbox-slideshow=\"938e54f\" data-elementor-lightbox-title=\"JEANS_H308B_FRENTE\" data-e-action-hash=\"#elementor-action%3Aaction%3Dlightbox%26settings%3DeyJpZCI6NTczNywidXJsIjoiaHR0cHM6XC9cL3BvbG9uLmNsXC93cC1jb250ZW50XC91cGxvYWRzXC8yMDIyXC8wOFwvSkVBTlNfSDMwOEJfRlJFTlRFLmpwZyIsInNsaWRlc2hvdyI6IjkzOGU1NGYifQ%3D%3D\" href=\"https:\/\/polon.cl\/wp-content\/uploads\/2022\/08\/JEANS_H308B_FRENTE.jpg\"><figure class=\"swiper-slide-inner\"><img decoding=\"async\" class=\"swiper-slide-image\" src=\"https:\/\/polon.cl\/wp-content\/uploads\/2022\/08\/JEANS_H308B_FRENTE-768x1344.jpg\" alt=\"JEANS_H308B_FRENTE\" \/><\/figure><\/a><\/div><div class=\"swiper-slide\" role=\"group\" aria-roledescription=\"slide\" aria-label=\"4 de 10\"><a data-elementor-open-lightbox=\"yes\" data-elementor-lightbox-slideshow=\"938e54f\" data-elementor-lightbox-title=\"JEANS_H404B_FRENTE\" data-e-action-hash=\"#elementor-action%3Aaction%3Dlightbox%26settings%3DeyJpZCI6NTczMSwidXJsIjoiaHR0cHM6XC9cL3BvbG9uLmNsXC93cC1jb250ZW50XC91cGxvYWRzXC8yMDIyXC8wOFwvSkVBTlNfSDQwNEJfRlJFTlRFLTEuanBnIiwic2xpZGVzaG93IjoiOTM4ZTU0ZiJ9\" href=\"https:\/\/polon.cl\/wp-content\/uploads\/2022\/08\/JEANS_H404B_FRENTE-1.jpg\"><figure class=\"swiper-slide-inner\"><img decoding=\"async\" class=\"swiper-slide-image\" src=\"https:\/\/polon.cl\/wp-content\/uploads\/2022\/08\/JEANS_H404B_FRENTE-1-768x1344.jpg\" alt=\"JEANS_H404B_FRENTE\" \/><\/figure><\/a><\/div><div class=\"swiper-slide\" role=\"group\" aria-roledescription=\"slide\" aria-label=\"5 de 10\"><a data-elementor-open-lightbox=\"yes\" data-elementor-lightbox-slideshow=\"938e54f\" data-elementor-lightbox-title=\"JEANS_H404B_ATRAS\" data-e-action-hash=\"#elementor-action%3Aaction%3Dlightbox%26settings%3DeyJpZCI6NTczMCwidXJsIjoiaHR0cHM6XC9cL3BvbG9uLmNsXC93cC1jb250ZW50XC91cGxvYWRzXC8yMDIyXC8wOFwvSkVBTlNfSDQwNEJfQVRSQVMuanBnIiwic2xpZGVzaG93IjoiOTM4ZTU0ZiJ9\" href=\"https:\/\/polon.cl\/wp-content\/uploads\/2022\/08\/JEANS_H404B_ATRAS.jpg\"><figure class=\"swiper-slide-inner\"><img decoding=\"async\" class=\"swiper-slide-image\" src=\"https:\/\/polon.cl\/wp-content\/uploads\/2022\/08\/JEANS_H404B_ATRAS-768x1344.jpg\" alt=\"JEANS_H404B_ATRAS\" \/><\/figure><\/a><\/div><div class=\"swiper-slide\" role=\"group\" aria-roledescription=\"slide\" aria-label=\"6 de 10\"><a data-elementor-open-lightbox=\"yes\" data-elementor-lightbox-slideshow=\"938e54f\" data-elementor-lightbox-title=\"JEANS_H404B_FRENTE\" data-e-action-hash=\"#elementor-action%3Aaction%3Dlightbox%26settings%3DeyJpZCI6NTcyNSwidXJsIjoiaHR0cHM6XC9cL3BvbG9uLmNsXC93cC1jb250ZW50XC91cGxvYWRzXC8yMDIyXC8wOFwvSkVBTlNfSDQwNEJfRlJFTlRFLmpwZyIsInNsaWRlc2hvdyI6IjkzOGU1NGYifQ%3D%3D\" href=\"https:\/\/polon.cl\/wp-content\/uploads\/2022\/08\/JEANS_H404B_FRENTE.jpg\"><figure class=\"swiper-slide-inner\"><img decoding=\"async\" class=\"swiper-slide-image\" src=\"https:\/\/polon.cl\/wp-content\/uploads\/2022\/08\/JEANS_H404B_FRENTE-768x1344.jpg\" alt=\"JEANS_H404B_FRENTE\" \/><\/figure><\/a><\/div><div class=\"swiper-slide\" role=\"group\" aria-roledescription=\"slide\" aria-label=\"7 de 10\"><a data-elementor-open-lightbox=\"yes\" data-elementor-lightbox-slideshow=\"938e54f\" data-elementor-lightbox-title=\"JEANS_PA07-ATRAS\" data-e-action-hash=\"#elementor-action%3Aaction%3Dlightbox%26settings%3DeyJpZCI6NTcxNywidXJsIjoiaHR0cHM6XC9cL3BvbG9uLmNsXC93cC1jb250ZW50XC91cGxvYWRzXC8yMDIyXC8wOFwvSkVBTlNfUEEwNy1BVFJBUy0xLmpwZyIsInNsaWRlc2hvdyI6IjkzOGU1NGYifQ%3D%3D\" href=\"https:\/\/polon.cl\/wp-content\/uploads\/2022\/08\/JEANS_PA07-ATRAS-1.jpg\"><figure class=\"swiper-slide-inner\"><img decoding=\"async\" class=\"swiper-slide-image\" src=\"https:\/\/polon.cl\/wp-content\/uploads\/2022\/08\/JEANS_PA07-ATRAS-1-768x1344.jpg\" alt=\"JEANS_PA07-ATRAS\" \/><\/figure><\/a><\/div><div class=\"swiper-slide\" role=\"group\" aria-roledescription=\"slide\" aria-label=\"8 de 10\"><a data-elementor-open-lightbox=\"yes\" data-elementor-lightbox-slideshow=\"938e54f\" data-elementor-lightbox-title=\"JEANS_PA04-ATRAS\" data-e-action-hash=\"#elementor-action%3Aaction%3Dlightbox%26settings%3DeyJpZCI6NTY4OCwidXJsIjoiaHR0cHM6XC9cL3BvbG9uLmNsXC93cC1jb250ZW50XC91cGxvYWRzXC8yMDIyXC8wOFwvSkVBTlNfUEEwNC1BVFJBUy5qcGciLCJzbGlkZXNob3ciOiI5MzhlNTRmIn0%3D\" href=\"https:\/\/polon.cl\/wp-content\/uploads\/2022\/08\/JEANS_PA04-ATRAS.jpg\"><figure class=\"swiper-slide-inner\"><img decoding=\"async\" class=\"swiper-slide-image\" src=\"https:\/\/polon.cl\/wp-content\/uploads\/2022\/08\/JEANS_PA04-ATRAS-768x1344.jpg\" alt=\"JEANS_PA04-ATRAS\" \/><\/figure><\/a><\/div><div class=\"swiper-slide\" role=\"group\" aria-roledescription=\"slide\" aria-label=\"9 de 10\"><a data-elementor-open-lightbox=\"yes\" data-elementor-lightbox-slideshow=\"938e54f\" data-elementor-lightbox-title=\"JEANS_PA02-ATRAS\" data-e-action-hash=\"#elementor-action%3Aaction%3Dlightbox%26settings%3DeyJpZCI6NTY4NiwidXJsIjoiaHR0cHM6XC9cL3BvbG9uLmNsXC93cC1jb250ZW50XC91cGxvYWRzXC8yMDIyXC8wOFwvSkVBTlNfUEEwMi1BVFJBUy5qcGciLCJzbGlkZXNob3ciOiI5MzhlNTRmIn0%3D\" href=\"https:\/\/polon.cl\/wp-content\/uploads\/2022\/08\/JEANS_PA02-ATRAS.jpg\"><figure class=\"swiper-slide-inner\"><img decoding=\"async\" class=\"swiper-slide-image\" src=\"https:\/\/polon.cl\/wp-content\/uploads\/2022\/08\/JEANS_PA02-ATRAS-768x1344.jpg\" alt=\"JEANS_PA02-ATRAS\" \/><\/figure><\/a><\/div><div class=\"swiper-slide\" role=\"group\" aria-roledescription=\"slide\" aria-label=\"10 de 10\"><a data-elementor-open-lightbox=\"yes\" data-elementor-lightbox-slideshow=\"938e54f\" data-elementor-lightbox-title=\"JEANS_PA06-ATRAS\" data-e-action-hash=\"#elementor-action%3Aaction%3Dlightbox%26settings%3DeyJpZCI6NTY5MCwidXJsIjoiaHR0cHM6XC9cL3BvbG9uLmNsXC93cC1jb250ZW50XC91cGxvYWRzXC8yMDIyXC8wOFwvSkVBTlNfUEEwNi1BVFJBUy5qcGciLCJzbGlkZXNob3ciOiI5MzhlNTRmIn0%3D\" href=\"https:\/\/polon.cl\/wp-content\/uploads\/2022\/08\/JEANS_PA06-ATRAS.jpg\"><figure class=\"swiper-slide-inner\"><img decoding=\"async\" class=\"swiper-slide-image\" src=\"https:\/\/polon.cl\/wp-content\/uploads\/2022\/08\/JEANS_PA06-ATRAS-768x1344.jpg\" alt=\"JEANS_PA06-ATRAS\" \/><\/figure><\/a><\/div>\t\t\t<\/div>\n\t\t\t\t\t\t\t\t\t\t\t\t<div class=\"elementor-swiper-button elementor-swiper-button-prev\" role=\"button\" tabindex=\"0\">\n\t\t\t\t\t\t<i aria-hidden=\"true\" class=\"eicon-chevron-left\"><\/i>\t\t\t\t\t<\/div>\n\t\t\t\t\t<div class=\"elementor-swiper-button elementor-swiper-button-next\" role=\"button\" tabindex=\"0\">\n\t\t\t\t\t\t<i aria-hidden=\"true\" class=\"eicon-chevron-right\"><\/i>\t\t\t\t\t<\/div>\n\t\t\t\t\n\t\t\t\t\t\t\t\t\t<div class=\"swiper-pagination\"><\/div>\n\t\t\t\t\t\t\t\t\t<\/div>\n\t\t\t\t\t\t<\/div>\n\t\t\t\t<\/div>\n\t\t\t\t\t<\/div>\n\t\t<\/div>\n\t\t\t\t\t<\/div>\n\t\t<\/section>\n\t\t\t\t<\/div>\n\t\t","protected":false},"excerpt":{"rendered":"<p>Parada&nbsp;111&nbsp;Jeans&nbsp; Cl\u00e1sicos Duraderos Haz crecer tu negocio con nosotros y nuestra exclusiva colecci\u00f3n de jeans que marcan la diferencia. Contamos con una gran variedad de jeans para cada estilo y ocasi\u00f3n, desde un cl\u00e1sico PARADA 111 hasta modelos modernos. Somos distribuidores de PARADA 111. No pierdas esta oportunidad y vis\u00edtanos en nuestra tienda o comun\u00edcate [&hellip;]<\/p>\n","protected":false},"author":2,"featured_media":0,"parent":0,"menu_order":0,"comment_status":"closed","ping_status":"closed","template":"","meta":{"footnotes":""},"class_list":["post-3782","page","type-page","status-publish","hentry"],"_links":{"self":[{"href":"https:\/\/polon.cl\/index.php\/wp-json\/wp\/v2\/pages\/3782","targetHints":{"allow":["GET"]}}],"collection":[{"href":"https:\/\/polon.cl\/index.php\/wp-json\/wp\/v2\/pages"}],"about":[{"href":"https:\/\/polon.cl\/index.php\/wp-json\/wp\/v2\/types\/page"}],"author":[{"embeddable":true,"href":"https:\/\/polon.cl\/index.php\/wp-json\/wp\/v2\/users\/2"}],"replies":[{"embeddable":true,"href":"https:\/\/polon.cl\/index.php\/wp-json\/wp\/v2\/comments?post=3782"}],"version-history":[{"count":96,"href":"https:\/\/polon.cl\/index.php\/wp-json\/wp\/v2\/pages\/3782\/revisions"}],"predecessor-version":[{"id":5995,"href":"https:\/\/polon.cl\/index.php\/wp-json\/wp\/v2\/pages\/3782\/revisions\/5995"}],"wp:attachment":[{"href":"https:\/\/polon.cl\/index.php\/wp-json\/wp\/v2\/media?parent=3782"}],"curies":[{"name":"wp","href":"https:\/\/api.w.org\/{rel}","templated":true}]}}